{"id":36,"date":"2026-02-01T19:45:31","date_gmt":"2026-02-02T00:45:31","guid":{"rendered":"https:\/\/diegozalamea.com\/?page_id=36"},"modified":"2026-02-01T19:45:31","modified_gmt":"2026-02-02T00:45:31","slug":"litigacion-en-juicio","status":"publish","type":"page","link":"https:\/\/diegozalamea.com\/index.php\/litigacion-en-juicio\/","title":{"rendered":"Litigaci\u00f3n en juicio"},"content":{"rendered":"<p>El juicio es el momento c\u00falmine del proceso, el espacio donde se produce la totalidad de la informaci\u00f3n para la resoluci\u00f3n del conflicto, el escenario donde se dramatiza la contienda entre las partes, estos elementos marcan su centralidad dentro del tr\u00e1mite. La litigaci\u00f3n oral en juicio es un saber que sistematiza las mejores pr\u00e1cticas para cumplir las distintas tareas que un litigante enfrenta, dado la diversidad de actividades, se ha estructurado marcos conceptuales y herramientas diferenciadas para cada una de las actuaciones.<\/p>\n<p>De nada sirve tener un buen caso, un profesional que haya estudiado a conciencia los hechos y normas aplicables, si no sabe como actuar en juicio la informaci\u00f3n no llega de manera adecuada al juzgador. En un sistema dispositivo oral el juez resuelve de manera exclusiva sobre la informaci\u00f3n que se produce en la audiencia, con ello desaparece el \u00abcolch\u00f3n\u00bb para audiencias mal litigadas propio del sistema mixto: el expediente. Las mejores legislaciones proh\u00edben de manera expresa el uso de declaraciones e informes anteriores salvo para finalidades como el refrescar la memoria y destacar contradicciones.<\/p>\n","protected":false},"excerpt":{"rendered":"<p>El juicio es el momento c\u00falmine del proceso, el espacio donde se produce la totalidad de la informaci\u00f3n para la resoluci\u00f3n del conflicto, el escenario donde se dramatiza la contienda entre las partes, estos elementos marcan su centralidad dentro del tr\u00e1mite. La litigaci\u00f3n oral en juicio es un saber que sistematiza las mejores pr\u00e1cticas para &hellip; <\/p>\n<p class=\"link-more\"><a href=\"https:\/\/diegozalamea.com\/index.php\/litigacion-en-juicio\/\" class=\"more-link\">Continuar leyendo<span class=\"screen-reader-text\"> \u00abLitigaci\u00f3n en juicio\u00bb<\/span><\/a><\/p>\n","protected":false},"author":1,"featured_media":0,"parent":0,"menu_order":0,"comment_status":"closed","ping_status":"closed","template":"","meta":{"footnotes":""},"class_list":["post-36","page","type-page","status-publish","hentry"],"_links":{"self":[{"href":"https:\/\/diegozalamea.com\/index.php\/wp-json\/wp\/v2\/pages\/36","targetHints":{"allow":["GET"]}}],"collection":[{"href":"https:\/\/diegozalamea.com\/index.php\/wp-json\/wp\/v2\/pages"}],"about":[{"href":"https:\/\/diegozalamea.com\/index.php\/wp-json\/wp\/v2\/types\/page"}],"author":[{"embeddable":true,"href":"https:\/\/diegozalamea.com\/index.php\/wp-json\/wp\/v2\/users\/1"}],"replies":[{"embeddable":true,"href":"https:\/\/diegozalamea.com\/index.php\/wp-json\/wp\/v2\/comments?post=36"}],"version-history":[{"count":1,"href":"https:\/\/diegozalamea.com\/index.php\/wp-json\/wp\/v2\/pages\/36\/revisions"}],"predecessor-version":[{"id":37,"href":"https:\/\/diegozalamea.com\/index.php\/wp-json\/wp\/v2\/pages\/36\/revisions\/37"}],"wp:attachment":[{"href":"https:\/\/diegozalamea.com\/index.php\/wp-json\/wp\/v2\/media?parent=36"}],"curies":[{"name":"wp","href":"https:\/\/api.w.org\/{rel}","templated":true}]}}