{"id":38,"date":"2026-02-01T19:47:17","date_gmt":"2026-02-02T00:47:17","guid":{"rendered":"https:\/\/diegozalamea.com\/?page_id=38"},"modified":"2026-02-01T21:47:31","modified_gmt":"2026-02-02T02:47:31","slug":"alegato-introductorio","status":"publish","type":"page","link":"https:\/\/diegozalamea.com\/index.php\/alegato-introductorio\/","title":{"rendered":"Alegato introductorio"},"content":{"rendered":"<p><strong>\u00bfQu\u00e9 es el alegato introductorio?<\/strong><\/p>\n<p>La presentaci\u00f3n inicial del caso, la oportunidad para\u00a0otorgar al juez un esquema\u00a0que le permita ver la disputa\u00a0desde el enfoque elegido por el\u00a0abogado. Un alegato efectivo plantea una visi\u00f3n global del conflicto, el n\u00facleo central de la controversia y los elementos que hacen a su tesis viable.<\/p>\n<p>Por ser las primeras palabras \u00a0son la tarjeta de presentaci\u00f3n del abogado, de cierta manera vienen\u00a0a ser un lente que influye en la historia que se va a contar con herramientas de litigio\u00a0en la audiencia. No es cierto que un alegato introductorio sea determinante, porque el juicio se gana en la prueba, sin embargo la primera impresi\u00f3n es trascendente.<\/p>\n<div style=\"width: 525px;\" class=\"wp-video\"><video class=\"wp-video-shortcode\" id=\"video-38-1\" width=\"525\" height=\"297\" preload=\"metadata\" controls=\"controls\"><source type=\"video\/mp4\" src=\"https:\/\/diegozalamea.com\/wp-content\/uploads\/2026\/02\/Alegatofinal1-alegato-final-video-1.mp4?_=1\" \/><a href=\"https:\/\/diegozalamea.com\/wp-content\/uploads\/2026\/02\/Alegatofinal1-alegato-final-video-1.mp4\">https:\/\/diegozalamea.com\/wp-content\/uploads\/2026\/02\/Alegatofinal1-alegato-final-video-1.mp4<\/a><\/video><\/div>\n<p><em>Philadelphia<\/em>, Jonathan Demme (Director), TriStar pictures (Productora), Estados Unidos, 1993.<\/p>\n<h5>\u00bfC\u00f3mo se realiza el alegato introductorio?<\/h5>\n<h6>Orden<\/h6>\n<p>Existen dos tipos de orden: el orden cronol\u00f3gico cuya fortaleza consiste en la facilidad que otorga para comprender como sucedieron determinados hechos, debido a que una narraci\u00f3n en el tiempo es un esquema que para toda persona es f\u00e1cilmente accesible. En tanto que el esquema tem\u00e1tico sirve par centrar el inter\u00e9s en determinados puntos.<\/p>\n<p>El primer modelo tiene inter\u00e9s cuando a la parte le conviene que el juez tenga la informaci\u00f3n completa de un suceso, por ejemplo cuando tiene la carga de la prueba y necesita dar una visi\u00f3n completa. El segundo dise\u00f1o normalmente es \u00fatil por ejemplo cuando se quiere valorar la credibilidad de una evidencia que depende de varios factores o un hecho en el que inciden algunas pruebas. Es de alto potencial especialmente para quienes est\u00e1n en una posici\u00f3n defensiva y les basta atacar un requisito legal.<\/p>\n<h6><strong>Estilo<\/strong><\/h6>\n<p>Hay dos estilos: el narrativo, consiste en un relato normalmente basado en una sucesi\u00f3n de hechos, desde el punto de vista estrat\u00e9gico permite plasmar la teor\u00eda del caso del litigante. Puntual, consiste en armar el alegato sobre la base de hitos centrales, resulta adecuado para destacar las proposiciones f\u00e1cticas.<\/p>\n<p>A pesar de que en principio parecer\u00eda que el primer estilo es el medio para plasmar el cronol\u00f3gico, resulta que ambos permiten hacerlo. Si se ordenan los pilares centrales sucedidos en el tiempo tambi\u00e9n se puede alcanzar este hito, de hecho en este supuesto se consigue otorgar tanto la teor\u00eda del caso como las proposiciones f\u00e1cticas. La experiencia demuestra que este es un g\u00e9nero m\u00e1s efectivo, la raz\u00f3n radica en que permite pasar de un\u00a0\u00abcuento de un abogado\u00bb a los hechos que van a se probados\u00bb.<\/p>\n<h5><strong>Herramientas<\/strong><\/h5>\n<p>Existen algunos mecanismos para que permiten acentuar al impacto de un alegato introductorio:<\/p>\n<h6><strong>Hablar en futuro<\/strong><\/h6>\n<p>Si el alegato introductorio es una oferta de lo que se presentara en juicio, existe una congruencia entra la meta y el tiempo verbal, es esta coherencia la que hace que permite ganar\u00a0en la esfera de la justicia y repercute sobre la\u00a0credibilidad. Es recomendable el uso de frases tales como: se probar\u00e1, quedar\u00e1 en evidencia, se podr\u00e1 observar y al final de esta tarde se ver\u00e1.<\/p>\n<h6><strong>Adelantar debilidades<\/strong><\/h6>\n<p>Frente a una flaqueza el abogado tiene dos opciones: La primera no tocarla con la esperanza de que no vaya salir en el juico, la segunda sacarla a relucir y ocuparse de ella. El problema de la estrategia inicial radica en que \u00a0por el mismo motivo que es incomoda para la una parte, se vuelve \u00a0 atractiva para la otra. Si se confronta con un litigante competente que conoce dicha dificultad resulta una estrategia ingenua.<\/p>\n<p>Adem\u00e1s se consigue disminuir el impacto. Debido a que por un lado se evita la sensaci\u00f3n de que el abogado se quiso pasarse de vivo hasta que fue puesto en evidencia por su contendor y, por otro, se evita el \u00abefecto sorpresa del descubrimiento\u201d, goza de espectacularidad el ver a un abogado mostrar lo deslices de su oponente.<\/p>\n<h6><strong>Delimitar los\u00a0puntos controvertidos<\/strong><\/h6>\n<p>Si una de las caracter\u00edsticas esenciales del alegato introductorio es su precisi\u00f3n, si es fundamental indicarle al juez donde est\u00e1 el meollo de la controversia, es un instrumento trascendente el determinar en donde est\u00e1n los puntos cruciales de la controversia. Por ejemplo: \u201cEl Sr. Suarez no cumpli\u00f3 con la obra, esa es una realidad que saldr\u00e1 a relucir que; m\u00e1s ese no es el punto relevante para el caso. Este juicio en juega en: \u00bfPorqu\u00e9 lo hizo?\u201d<\/p>\n<h6><strong>Cita textual<\/strong><\/h6>\n<p>Para destacar un punto relevante es interesante el hacer un llamado de los t\u00e9rminos exactos que ser\u00e1n utilizados.\u00a0Por ejemplo: \u201cTodo fue tan r\u00e1pido que casi no pude ver, Todo fue tan r\u00e1pido que casi no pude ver, esas son las palabras que oir\u00e1n de la se\u00f1orita P\u00e9rez \u00fanica testigo presencial\u201d. Este estrategia solo se puede utilizar cuando las palabras constan en una versi\u00f3n anterior o en un informe, se puede ofrecer porque si el testigo no las dice, se puede refrescar su memoria o destacar contradicciones.<\/p>\n<h6><strong>Reiterar una frase<\/strong><\/h6>\n<p>Suele ser una herramienta que sirve para acentuar el peso de la estrategia anterior o una idea que quiere dejarse sentada en el juzgador, su puesta el practica consiste en repetir en dos o m\u00e1s ocasiones la frase que quiere ser gravada. As\u00ed el ejemplo de la herramienta anterior se puede notar la efectivida de haber repetido la expresi\u00f3n: \u201cTodo fue tan r\u00e1pido que casi no pude ver\u201d.<\/p>\n<h6>\u00a0Slogan<\/h6>\n<p>Este instrumento consiste en tomar una palabra o frase clave y repetirla a lo largo de todo el alegato. Son bastante similares con\u00a0el anterior instrumento la diferencia radica en que en este caso la idea no se martilla de inmediato, se la repite en diversas partes de su estructura.<\/p>\n<h6>Separar proposiciones f\u00e1cticas<\/h6>\n<p>Se dijo que el estilo m\u00e1s efectivo es el puntual, este instrumento sirve para acentuar este esquema, consiste en separa las proposiciones f\u00e1cticas, romper el relato cronol\u00f3gico. Normalmente se utilizan dos medios: La numeraci\u00f3n, estrategia que se empleo en el alegato de Philadelphia\u00a0\u00a0que se introdujo, y \u00a0el slogan que se emplea en el siguiente video.<\/p>\n<div style=\"width: 525px;\" class=\"wp-video\"><video class=\"wp-video-shortcode\" id=\"video-38-2\" width=\"525\" height=\"297\" preload=\"metadata\" controls=\"controls\"><source type=\"video\/mp4\" src=\"https:\/\/diegozalamea.com\/wp-content\/uploads\/2026\/02\/Alegatofinal2-alegato-final-video-3.mp4?_=2\" \/><a href=\"https:\/\/diegozalamea.com\/wp-content\/uploads\/2026\/02\/Alegatofinal2-alegato-final-video-3.mp4\">https:\/\/diegozalamea.com\/wp-content\/uploads\/2026\/02\/Alegatofinal2-alegato-final-video-3.mp4<\/a><\/video><\/div>\n<p><em>Philadelphia<\/em>, Jonathan Demme (Director), TriStar pictures (Productora), Estados Unidos, 1993.<\/p>\n<p>\u00bfPor qu\u00e9 el t\u00e9rmino\u00a0\u00abhecho\u00bb utilizado como eslogan consigue repercusi\u00f3n elevada en convicci\u00f3n?, debido a que permite destacar \u00a0que toda su\u00a0intervenci\u00f3n, cada palabra, son exclusivamente\u00a0los acontecimientos del caso. \u00abDemostrar es mejor que afirmar\u00bb, con sus actos evidencia\u00a0rigurosidad.<\/p>\n<h5>Frase introductoria<\/h5>\n<p>Esta herramienta por su trascendencia se ha decidido tratarla de manera separada. Su potencial\u00a0se basa en el mismo motivo que se destac\u00f3 para mostrar la importancia estrat\u00e9gica del alegato introductorio: Si las primeras palabras son importantes, a su vez la expresi\u00f3n inicial dentro de ellas es aun m\u00e1s trascendente.\u00a0En este caso concreto esta expresi\u00f3n permite alcanzar dos objetivos: \u00a0captar la atenci\u00f3n del juzgador y dejar claro cual es el meollo del juicio.<\/p>\n<h5>Tipos de frase inicial<\/h5>\n<h6>Confrontaci\u00f3n<\/h6>\n<p>Su poder est\u00e1 en que conlleva un juego mordaz, se inicia con una frase que implica una verdadera provocaci\u00f3n porque afecta a la parte a quien la\u00a0pronuncia. El contexto posterior es el que evita el da\u00f1o que aparentemente conllevar\u00eda. Por ejemplo: \u00abNo cabe duda que mi cliente mat\u00f3 al Lu\u00eda Vaca, al final d esta tarde se ver\u00e1 que lo hizo en leg\u00edtima defensa\u00bb.<\/p>\n<h6>Pregunta<\/h6>\n<p>El plantear una interrogante ret\u00f3rica constituye en un gancho interesante para conseguir atrapar la atenci\u00f3n del interlocutor. Por ejemplo: \u00abAna amiga o madre. Ana es una amiga eso es cierto; pero la pregunta relevante es: \u00bfha sido una verdadera madre?<\/p>\n<h6>Comercial<\/h6>\n<p>Se trata de una expresi\u00f3n\u00a0que por ser \u00a0conocida permite\u00a0enganchar de manera f\u00e1cil al oyente. Por ejemplo \u00abCr\u00f3nica\u00a0de una muerte anunciada, el Juan\u00a0\u00c1lvarez hab\u00eda sido amenazado de muerte en 3 ocasiones Por el Se\u00f1or Lara\u00bb.<\/p>\n<h6>Cita textual<\/h6>\n<p>Consiste en tomar una frase estrat\u00e9gica\u00a0dicha por un testigo o perito y convertirla en sus primeras palabras. Por ejemplo \u00abSe me fue de las manos, eso oir\u00e1n\u00a0de la boca de la se\u00f1ora Jara al referirse a la relaci\u00f3n con su hijo.<\/p>\n<p><strong>Demostraci\u00f3n gr\u00e1fica<\/strong><\/p>\n<p>Se ejecuta mediante la exhibici\u00f3n de una fotograf\u00eda o evidencia que se va a presentar en la audiencia. Su poder radica en que hay im\u00e1genes que por ser impactantes resultan cautivadoras, \u00abAs\u00ed quedo Eva fuentes despu\u00e9s de la golpiza que le propin\u00f3 su marido. Eso es lo que les demostraremos esta tarde\u00bb.<\/p>\n<p><strong>Elementos claves<\/strong><\/p>\n<p>Se puede escoger elementos claves del caso y convertirlos en\u00a0el andamiaje para estructurar la exposici\u00f3n. El potencial de esta estrategia consiste en que permite dotar de un orden s\u00f3lido a la intervenci\u00f3n.<\/p>\n","protected":false},"excerpt":{"rendered":"<p>\u00bfQu\u00e9 es el alegato introductorio? La presentaci\u00f3n inicial del caso, la oportunidad para\u00a0otorgar al juez un esquema\u00a0que le permita ver la disputa\u00a0desde el enfoque elegido por el\u00a0abogado. Un alegato efectivo plantea una visi\u00f3n global del conflicto, el n\u00facleo central de la controversia y los elementos que hacen a su tesis viable. Por ser las primeras &hellip; <\/p>\n<p class=\"link-more\"><a href=\"https:\/\/diegozalamea.com\/index.php\/alegato-introductorio\/\" class=\"more-link\">Continuar leyendo<span class=\"screen-reader-text\"> \u00abAlegato introductorio\u00bb<\/span><\/a><\/p>\n","protected":false},"author":1,"featured_media":0,"parent":0,"menu_order":0,"comment_status":"closed","ping_status":"closed","template":"","meta":{"footnotes":""},"class_list":["post-38","page","type-page","status-publish","hentry"],"_links":{"self":[{"href":"https:\/\/diegozalamea.com\/index.php\/wp-json\/wp\/v2\/pages\/38","targetHints":{"allow":["GET"]}}],"collection":[{"href":"https:\/\/diegozalamea.com\/index.php\/wp-json\/wp\/v2\/pages"}],"about":[{"href":"https:\/\/diegozalamea.com\/index.php\/wp-json\/wp\/v2\/types\/page"}],"author":[{"embeddable":true,"href":"https:\/\/diegozalamea.com\/index.php\/wp-json\/wp\/v2\/users\/1"}],"replies":[{"embeddable":true,"href":"https:\/\/diegozalamea.com\/index.php\/wp-json\/wp\/v2\/comments?post=38"}],"version-history":[{"count":8,"href":"https:\/\/diegozalamea.com\/index.php\/wp-json\/wp\/v2\/pages\/38\/revisions"}],"predecessor-version":[{"id":150,"href":"https:\/\/diegozalamea.com\/index.php\/wp-json\/wp\/v2\/pages\/38\/revisions\/150"}],"wp:attachment":[{"href":"https:\/\/diegozalamea.com\/index.php\/wp-json\/wp\/v2\/media?parent=38"}],"curies":[{"name":"wp","href":"https:\/\/api.w.org\/{rel}","templated":true}]}}