{"id":54,"date":"2026-02-01T19:59:09","date_gmt":"2026-02-02T00:59:09","guid":{"rendered":"https:\/\/diegozalamea.com\/?page_id=54"},"modified":"2026-02-01T22:38:32","modified_gmt":"2026-02-02T03:38:32","slug":"testimonio-de-parte","status":"publish","type":"page","link":"https:\/\/diegozalamea.com\/index.php\/testimonio-de-parte\/","title":{"rendered":"Testimonio de parte"},"content":{"rendered":"<p><strong>\u00bfQu\u00e9 es el testimonio de parte?<\/strong><\/p>\n<p>El COGEP reconoce el\u00a0derecho de las partes a ser una\u00a0fuente de informaci\u00f3n para la resoluci\u00f3n de su caso, para comprender el avance que implica esta instituci\u00f3n procesal conviene comprarle con su antecesora en materia civil: la confesi\u00f3n judicial. Son dos las rupturas primordiales que introduce:\u00a0 en primer lugar, con anterioridad los interesados\u00a0solo pod\u00edan declarar\u00a0a petici\u00f3n de la contraparte, no contaban con iniciativa para testificar; limitaci\u00f3n incompatible con\u00a0el derecho a la defensa. En segundo lugar, en cuanto a la\u00a0relevancia de su versi\u00f3n, solo se\u00a0valoraban aquellos hechos que afectan a sus intereses o dicho de otra manera, era prueba exclusiva de su oponente. El testimonio de parte libera la capacidad de la partes para practicarla\u00a0y somete su valoraci\u00f3n a la regla general: sana cr\u00edtica.<\/p>\n<p><strong>\u00bfPor qu\u00e9 se introdujeron estas limitaciones?<\/strong><\/p>\n<p>La\u00a0l\u00f3gica tradicional part\u00eda de que solo las personas imparciales pod\u00eda declarar, donde el caso extremo de identificaci\u00f3n con un bando era ser el\u00a0interesado directo. El actual sistema adopta otra filosof\u00eda, \u00bflos interesados mienten?, algunos s\u00ed otros no; si algunos no son veraces, \u00bfpor qu\u00e9 el nuevo sistema se da el lujo de aceptar y valorar los testimonios de las partes?, debido a\u00a0que conf\u00eda en \u00a0el contrainterrogatorio como herramienta para sacar a relucir debilidades y en el criterio del juez para poder valorar ese testimonio en concreto. En el fondo la figura de la \u00abconfesi\u00f3n\u00bb es un reconocimiento t\u00e1cito de la incapacidad del sistema anterior para valorar la calidad de la prueba.<\/p>\n<p><strong>\u00bfCu\u00e1l es el elemento distintivo del testimonio de parte?<\/strong><\/p>\n<p>La particularidad radica en que seg\u00fan se el interesado quien decida dar su versi\u00f3n, o la contraparte quien pida su testimonio, puede existir una relaci\u00f3n de cooperaci\u00f3n o confrontaci\u00f3n. De hecho, no es viable que exista un solo formato de reglas para su pr\u00e1ctica.<\/p>\n<p><strong>\u00bfC\u00f3mo se ejecuta?<\/strong><\/p>\n<p>Depende de quien los solicita. Si es el propio interesado quien quiere dar su testimonio,\u00a0es un interrogatorio ordinario y se ejecuta con la restricci\u00f3n\u00a0que existe a las preguntas sugestivas. La \u00fanica particularidad que suele presentarse\u00a0es que por lo general es interesante realizar un trabajo de acreditaci\u00f3n m\u00e1s profundo, porque\u00a0en este caso est\u00e1 en juego la credibilidad del peticionario,\u00a0raz\u00f3n por la que adquiere\u00a0una especial\u00a0\u00a0trascendencia para\u00a0la legitimidad de la pretensi\u00f3n.<\/p>\n<div class=\"wp-video\">\n<div style=\"width: 525px;\" class=\"wp-video\"><video class=\"wp-video-shortcode\" id=\"video-54-1\" width=\"525\" height=\"394\" preload=\"metadata\" controls=\"controls\"><source type=\"video\/mp4\" src=\"https:\/\/diegozalamea.com\/wp-content\/uploads\/2026\/02\/Acreditacion.mp4?_=1\" \/><a href=\"https:\/\/diegozalamea.com\/wp-content\/uploads\/2026\/02\/Acreditacion.mp4\">https:\/\/diegozalamea.com\/wp-content\/uploads\/2026\/02\/Acreditacion.mp4<\/a><\/video><\/div>\n<\/div>\n<p>\u00abPhiladelphia, Jonathan Demme (Director), TriStar pictures (Productora), Estados Unidos, 1993.\u00bb<\/p>\n<p>Cuando se llama a la contraparte a rendir su testimonio, por esencia es\u00a0un contrainterrogatorio, se ejecuta sobre la base de preguntas sugestivas. Una vez m\u00e1s el sistema oral demuestra la necesidad de ser flexibles, si bien lo normal es que el contraexamen venga\u00a0luego del interrogatorio, en este caso esta regla se invierte porque el solicitante es el adversario.<\/p>\n<p>En su la ejecuci\u00f3n existe\u00a0\u00a0una especificidad: la necesidad de acreditar de quien se trata y de ser el caso la trascendencia de su testimonio para el conflicto. Debido a que al no mediar un interrogatorio, el litigante necesita explicar\u00a0al juez\u00a0la trascendencia de esta prueba que ha decidido practicar. Por ejemplo en la audiencia que sigue esta labor se realiza en la secci\u00f3n efectuada por el actor Danny de Vito.<\/p>\n<div class=\"wp-video\">\n<div style=\"width: 525px;\" class=\"wp-video\"><video class=\"wp-video-shortcode\" id=\"video-54-2\" width=\"525\" height=\"295\" preload=\"metadata\" controls=\"controls\"><source type=\"video\/mp4\" src=\"https:\/\/diegozalamea.com\/wp-content\/uploads\/2026\/02\/Testimoniodeparte.mp4?_=2\" \/><a href=\"https:\/\/diegozalamea.com\/wp-content\/uploads\/2026\/02\/Testimoniodeparte.mp4\">https:\/\/diegozalamea.com\/wp-content\/uploads\/2026\/02\/Testimoniodeparte.mp4<\/a><\/video><\/div>\n<\/div>\n<p><em>The Reinmaker<\/em>, Francis Coppola (Director), Paramount Pictures y Constellation Films (Productoras), Estados Unidos, 1997.<\/p>\n","protected":false},"excerpt":{"rendered":"<p>\u00bfQu\u00e9 es el testimonio de parte? El COGEP reconoce el\u00a0derecho de las partes a ser una\u00a0fuente de informaci\u00f3n para la resoluci\u00f3n de su caso, para comprender el avance que implica esta instituci\u00f3n procesal conviene comprarle con su antecesora en materia civil: la confesi\u00f3n judicial. Son dos las rupturas primordiales que introduce:\u00a0 en primer lugar, con &hellip; <\/p>\n<p class=\"link-more\"><a href=\"https:\/\/diegozalamea.com\/index.php\/testimonio-de-parte\/\" class=\"more-link\">Continuar leyendo<span class=\"screen-reader-text\"> \u00abTestimonio de parte\u00bb<\/span><\/a><\/p>\n","protected":false},"author":1,"featured_media":0,"parent":0,"menu_order":0,"comment_status":"closed","ping_status":"closed","template":"","meta":{"footnotes":""},"class_list":["post-54","page","type-page","status-publish","hentry"],"_links":{"self":[{"href":"https:\/\/diegozalamea.com\/index.php\/wp-json\/wp\/v2\/pages\/54","targetHints":{"allow":["GET"]}}],"collection":[{"href":"https:\/\/diegozalamea.com\/index.php\/wp-json\/wp\/v2\/pages"}],"about":[{"href":"https:\/\/diegozalamea.com\/index.php\/wp-json\/wp\/v2\/types\/page"}],"author":[{"embeddable":true,"href":"https:\/\/diegozalamea.com\/index.php\/wp-json\/wp\/v2\/users\/1"}],"replies":[{"embeddable":true,"href":"https:\/\/diegozalamea.com\/index.php\/wp-json\/wp\/v2\/comments?post=54"}],"version-history":[{"count":6,"href":"https:\/\/diegozalamea.com\/index.php\/wp-json\/wp\/v2\/pages\/54\/revisions"}],"predecessor-version":[{"id":169,"href":"https:\/\/diegozalamea.com\/index.php\/wp-json\/wp\/v2\/pages\/54\/revisions\/169"}],"wp:attachment":[{"href":"https:\/\/diegozalamea.com\/index.php\/wp-json\/wp\/v2\/media?parent=54"}],"curies":[{"name":"wp","href":"https:\/\/api.w.org\/{rel}","templated":true}]}}