{"id":72,"date":"2026-02-01T20:03:59","date_gmt":"2026-02-02T01:03:59","guid":{"rendered":"https:\/\/diegozalamea.com\/?page_id=72"},"modified":"2026-02-01T20:35:48","modified_gmt":"2026-02-02T01:35:48","slug":"conduccion-de-audiencias","status":"publish","type":"page","link":"https:\/\/diegozalamea.com\/index.php\/conduccion-de-audiencias\/","title":{"rendered":"Conducci\u00f3n de audiencias"},"content":{"rendered":"<p><strong>\u00bfQu\u00e9 es la conducci\u00f3n de audiencias y la toma de resoluciones judiciales?<\/strong><\/p>\n<p>Son el conjunto de destrezas necesario para cumplir el oficio de juzgador. El ser juez en un sistema dispositivo oral demanda una metodolog\u00eda que gu\u00ede la forma de actuar, para administrar justicia de manera t\u00e9cnica se requiere un marco conceptual y el desarrollo de un conjunto de habilidades que le permitan al juez conseguir que la audiencia sea un escenario\u00a0de respeto al debido proceso.\u00a0Su trascendencia radica en que si no se cuenta con par\u00e1metros de actuaci\u00f3n, lo m\u00e1s probable es que la improvisaci\u00f3n convierta a la audiencia en un espacio de incertidumbre, donde el ejercicio de los derechos de las personas\u00a0queden sometidos a decisiones impredecibles.<\/p>\n<p>A pesar de que es ingenuo creer que se puede alcanzar una\u00a0justicia de calidad sin el desarrollo de las habilidades de todos los participantes,\u00a0se debe reconocer\u00a0que a\u00a0diferencia de las destrezas de litigio, la conducci\u00f3n de audiencias y toma de decisiones judiciales es un tema que en la regi\u00f3n ha sido marginado. El solo revisar el n\u00famero de obras publicadas referido a las habilidades de los abogados frente a la de los jueces, \u00a0da cuenta que en el primer caso es una materia que \u00a0gana espacio de manera vertiginosa, en tanto que el segundo no se ha explorado.<\/p>\n<p>Esta generaci\u00f3n tiene\u00a0el reto de\u00a0dise\u00f1ar un primer marco conceptual para la conducci\u00f3n de audiencias, se tiene consciencia de que la inexistencia de trabajos sistematizados anteriores aumenta el nivel de riesgo. Sin embargo, ya existe una experiencia de una d\u00e9cada y media de aplicaci\u00f3n del sistema oral en materia penal, este acervo permite comenzar a poner sobre la mesa el\u00a0conjunto de usos adoptados e iniciar el proceso de selecci\u00f3n de las mejores pr\u00e1cticas. Es prioritario que la academia comience a sistematizar estos insumos para construir un saber\u00a0capaz de guiar el oficio de administrar justicia.<\/p>\n","protected":false},"excerpt":{"rendered":"<p>\u00bfQu\u00e9 es la conducci\u00f3n de audiencias y la toma de resoluciones judiciales? Son el conjunto de destrezas necesario para cumplir el oficio de juzgador. El ser juez en un sistema dispositivo oral demanda una metodolog\u00eda que gu\u00ede la forma de actuar, para administrar justicia de manera t\u00e9cnica se requiere un marco conceptual y el desarrollo &hellip; <\/p>\n<p class=\"link-more\"><a href=\"https:\/\/diegozalamea.com\/index.php\/conduccion-de-audiencias\/\" class=\"more-link\">Continuar leyendo<span class=\"screen-reader-text\"> \u00abConducci\u00f3n de audiencias\u00bb<\/span><\/a><\/p>\n","protected":false},"author":1,"featured_media":0,"parent":0,"menu_order":0,"comment_status":"closed","ping_status":"closed","template":"","meta":{"footnotes":""},"class_list":["post-72","page","type-page","status-publish","hentry"],"_links":{"self":[{"href":"https:\/\/diegozalamea.com\/index.php\/wp-json\/wp\/v2\/pages\/72","targetHints":{"allow":["GET"]}}],"collection":[{"href":"https:\/\/diegozalamea.com\/index.php\/wp-json\/wp\/v2\/pages"}],"about":[{"href":"https:\/\/diegozalamea.com\/index.php\/wp-json\/wp\/v2\/types\/page"}],"author":[{"embeddable":true,"href":"https:\/\/diegozalamea.com\/index.php\/wp-json\/wp\/v2\/users\/1"}],"replies":[{"embeddable":true,"href":"https:\/\/diegozalamea.com\/index.php\/wp-json\/wp\/v2\/comments?post=72"}],"version-history":[{"count":2,"href":"https:\/\/diegozalamea.com\/index.php\/wp-json\/wp\/v2\/pages\/72\/revisions"}],"predecessor-version":[{"id":133,"href":"https:\/\/diegozalamea.com\/index.php\/wp-json\/wp\/v2\/pages\/72\/revisions\/133"}],"wp:attachment":[{"href":"https:\/\/diegozalamea.com\/index.php\/wp-json\/wp\/v2\/media?parent=72"}],"curies":[{"name":"wp","href":"https:\/\/api.w.org\/{rel}","templated":true}]}}