{"id":84,"date":"2026-02-01T20:06:16","date_gmt":"2026-02-02T01:06:16","guid":{"rendered":"https:\/\/diegozalamea.com\/?page_id=84"},"modified":"2026-02-01T20:39:34","modified_gmt":"2026-02-02T01:39:34","slug":"destrezas-y-mercado","status":"publish","type":"page","link":"https:\/\/diegozalamea.com\/index.php\/destrezas-y-mercado\/","title":{"rendered":"Destrezas y mercado"},"content":{"rendered":"<p>La introducci\u00f3n de un sistema dispositivo oral ha conllevado un profundo cambio en toda la esfera jur\u00eddica, dentro de ella el \u00e1mbito donde existen mayores repercusiones \u00a0es el ejercicio. El oficio de abogado hoy en d\u00eda demanda de formas de actuaci\u00f3n t\u00e9cnica y habilidades especificas, en este escenario florecen los cursos de litigaci\u00f3n. \u00bfEstos talleres son una moda pasajera o una nueva esfera de la educaci\u00f3n legal que vino para quedarse?<\/p>\n","protected":false},"excerpt":{"rendered":"<p>La introducci\u00f3n de un sistema dispositivo oral ha conllevado un profundo cambio en toda la esfera jur\u00eddica, dentro de ella el \u00e1mbito donde existen mayores repercusiones \u00a0es el ejercicio. El oficio de abogado hoy en d\u00eda demanda de formas de actuaci\u00f3n t\u00e9cnica y habilidades especificas, en este escenario florecen los cursos de litigaci\u00f3n. \u00bfEstos talleres &hellip; <\/p>\n<p class=\"link-more\"><a href=\"https:\/\/diegozalamea.com\/index.php\/destrezas-y-mercado\/\" class=\"more-link\">Continuar leyendo<span class=\"screen-reader-text\"> \u00abDestrezas y mercado\u00bb<\/span><\/a><\/p>\n","protected":false},"author":1,"featured_media":0,"parent":0,"menu_order":0,"comment_status":"closed","ping_status":"closed","template":"","meta":{"footnotes":""},"class_list":["post-84","page","type-page","status-publish","hentry"],"_links":{"self":[{"href":"https:\/\/diegozalamea.com\/index.php\/wp-json\/wp\/v2\/pages\/84","targetHints":{"allow":["GET"]}}],"collection":[{"href":"https:\/\/diegozalamea.com\/index.php\/wp-json\/wp\/v2\/pages"}],"about":[{"href":"https:\/\/diegozalamea.com\/index.php\/wp-json\/wp\/v2\/types\/page"}],"author":[{"embeddable":true,"href":"https:\/\/diegozalamea.com\/index.php\/wp-json\/wp\/v2\/users\/1"}],"replies":[{"embeddable":true,"href":"https:\/\/diegozalamea.com\/index.php\/wp-json\/wp\/v2\/comments?post=84"}],"version-history":[{"count":2,"href":"https:\/\/diegozalamea.com\/index.php\/wp-json\/wp\/v2\/pages\/84\/revisions"}],"predecessor-version":[{"id":139,"href":"https:\/\/diegozalamea.com\/index.php\/wp-json\/wp\/v2\/pages\/84\/revisions\/139"}],"wp:attachment":[{"href":"https:\/\/diegozalamea.com\/index.php\/wp-json\/wp\/v2\/media?parent=84"}],"curies":[{"name":"wp","href":"https:\/\/api.w.org\/{rel}","templated":true}]}}