{"id":88,"date":"2026-02-01T20:08:16","date_gmt":"2026-02-02T01:08:16","guid":{"rendered":"https:\/\/diegozalamea.com\/?page_id=88"},"modified":"2026-02-01T20:21:06","modified_gmt":"2026-02-02T01:21:06","slug":"el-cogep-problemas-normativos-para-enfrentar-el-contraexamen","status":"publish","type":"page","link":"https:\/\/diegozalamea.com\/index.php\/el-cogep-problemas-normativos-para-enfrentar-el-contraexamen\/","title":{"rendered":"El COGEP: problemas normativos para enfrentar el contraexamen"},"content":{"rendered":"<p>El contrainterrogatorio es la herramienta que permite cumplir la principal funci\u00f3n del principio de contradicci\u00f3n en el juicio: someter a la informaci\u00f3n a un test de calidad. Si se toma en cuenta que en una sistema oral la audiencia de juzgamiento es el espacio donde se resuelva la decisi\u00f3n de fondo, se puede tener una idea de la repercusi\u00f3n que genera una regulaci\u00f3n normativa inadecuada.<\/p>\n","protected":false},"excerpt":{"rendered":"<p>El contrainterrogatorio es la herramienta que permite cumplir la principal funci\u00f3n del principio de contradicci\u00f3n en el juicio: someter a la informaci\u00f3n a un test de calidad. Si se toma en cuenta que en una sistema oral la audiencia de juzgamiento es el espacio donde se resuelva la decisi\u00f3n de fondo, se puede tener una &hellip; <\/p>\n<p class=\"link-more\"><a href=\"https:\/\/diegozalamea.com\/index.php\/el-cogep-problemas-normativos-para-enfrentar-el-contraexamen\/\" class=\"more-link\">Continuar leyendo<span class=\"screen-reader-text\"> \u00abEl COGEP: problemas normativos para enfrentar el contraexamen\u00bb<\/span><\/a><\/p>\n","protected":false},"author":1,"featured_media":0,"parent":0,"menu_order":0,"comment_status":"closed","ping_status":"closed","template":"","meta":{"footnotes":""},"class_list":["post-88","page","type-page","status-publish","hentry"],"_links":{"self":[{"href":"https:\/\/diegozalamea.com\/index.php\/wp-json\/wp\/v2\/pages\/88","targetHints":{"allow":["GET"]}}],"collection":[{"href":"https:\/\/diegozalamea.com\/index.php\/wp-json\/wp\/v2\/pages"}],"about":[{"href":"https:\/\/diegozalamea.com\/index.php\/wp-json\/wp\/v2\/types\/page"}],"author":[{"embeddable":true,"href":"https:\/\/diegozalamea.com\/index.php\/wp-json\/wp\/v2\/users\/1"}],"replies":[{"embeddable":true,"href":"https:\/\/diegozalamea.com\/index.php\/wp-json\/wp\/v2\/comments?post=88"}],"version-history":[{"count":4,"href":"https:\/\/diegozalamea.com\/index.php\/wp-json\/wp\/v2\/pages\/88\/revisions"}],"predecessor-version":[{"id":121,"href":"https:\/\/diegozalamea.com\/index.php\/wp-json\/wp\/v2\/pages\/88\/revisions\/121"}],"wp:attachment":[{"href":"https:\/\/diegozalamea.com\/index.php\/wp-json\/wp\/v2\/media?parent=88"}],"curies":[{"name":"wp","href":"https:\/\/api.w.org\/{rel}","templated":true}]}}